{"id":12,"date":"2025-04-19T14:01:04","date_gmt":"2025-04-19T12:01:04","guid":{"rendered":"https:\/\/www.designpropaganda.de\/index.php\/warenkorb\/"},"modified":"2025-04-19T14:01:04","modified_gmt":"2025-04-19T12:01:04","slug":"warenkorb","status":"publish","type":"page","link":"https:\/\/www.designpropaganda.de\/index.php\/warenkorb\/","title":{"rendered":"Warenkorb"},"content":{"rendered":"\n<div data-block-name=\"woocommerce\/cart\" class=\"wp-block-woocommerce-cart alignwide is-loading\">\n<div data-block-name=\"woocommerce\/filled-cart-block\" class=\"wp-block-woocommerce-filled-cart-block\">\n<div data-block-name=\"woocommerce\/cart-items-block\" class=\"wp-block-woocommerce-cart-items-block\">\n<div data-block-name=\"woocommerce\/cart-line-items-block\" class=\"wp-block-woocommerce-cart-line-items-block\"><\/div>\n\n\n\n<div data-block-name=\"woocommerce\/cart-cross-sells-block\" class=\"wp-block-woocommerce-cart-cross-sells-block\">\n<h2 class=\"wp-block-heading has-large-font-size\">Das interessiert Sie vielleicht&#8230;<\/h2>\n\n\n\n<div data-block-name=\"woocommerce\/cart-cross-sells-products-block\" class=\"wp-block-woocommerce-cart-cross-sells-products-block\"><\/div>\n<\/div>\n<\/div>\n\n\n\n<div data-block-name=\"woocommerce\/cart-totals-block\" class=\"wp-block-woocommerce-cart-totals-block\">\n<div data-block-name=\"woocommerce\/cart-order-summary-block\" class=\"wp-block-woocommerce-cart-order-summary-block\">\n<div data-block-name=\"woocommerce\/cart-order-summary-heading-block\" class=\"wp-block-woocommerce-cart-order-summary-heading-block\"><\/div><div data-block-name=\"woocommerce\/cart-order-summary-coupon-form-block\" class=\"wp-block-woocommerce-cart-order-summary-coupon-form-block\"><\/div><div data-block-name=\"woocommerce\/cart-order-summary-totals-block\" class=\"wp-block-woocommerce-cart-order-summary-totals-block\">\n<div data-block-name=\"woocommerce\/cart-order-summary-subtotal-block\" class=\"wp-block-woocommerce-cart-order-summary-subtotal-block\"><\/div>\n<div data-block-name=\"woocommerce\/cart-order-summary-discount-block\" class=\"wp-block-woocommerce-cart-order-summary-discount-block\"><\/div>\n<div data-block-name=\"woocommerce\/cart-order-summary-fee-block\" class=\"wp-block-woocommerce-cart-order-summary-fee-block\"><\/div>\n<div data-block-name=\"woocommerce\/cart-order-summary-shipping-block\" class=\"wp-block-woocommerce-cart-order-summary-shipping-block\"><\/div>\n<div data-block-name=\"woocommerce\/cart-order-summary-taxes-block\" class=\"wp-block-woocommerce-cart-order-summary-taxes-block\"><\/div><\/div>\n<\/div>\n\n\n\n<div data-block-name=\"woocommerce\/cart-express-payment-block\" class=\"wp-block-woocommerce-cart-express-payment-block\"><\/div>\n\n\n\n<div data-block-name=\"woocommerce\/proceed-to-checkout-block\" class=\"wp-block-woocommerce-proceed-to-checkout-block\"><\/div>\n\n\n\n<div data-block-name=\"woocommerce\/cart-accepted-payment-methods-block\" class=\"wp-block-woocommerce-cart-accepted-payment-methods-block\"><\/div>\n<\/div>\n<\/div>\n\n\n\n<div data-block-name=\"woocommerce\/empty-cart-block\" class=\"wp-block-woocommerce-empty-cart-block\">\n<h2 class=\"wp-block-heading has-text-align-center with-empty-cart-icon wc-block-cart__empty-cart__title\">Ihr Warenkorb ist gerade leer!<\/h2>\n\n\n\n<hr class=\"wp-block-separator has-alpha-channel-opacity is-style-dots\"\/>\n\n\n\n<h2 class=\"wp-block-heading has-text-align-center\">Neu im Shop<\/h2>\n\n\n<div data-block-name=\"woocommerce\/product-new\" data-columns=\"4\" data-rows=\"1\" class=\"wc-block-grid wp-block-product-new wp-block-woocommerce-product-new wc-block-product-new has-4-columns\"><ul class=\"wc-block-grid__products\"><li class=\"wc-block-grid__product\">\n\t\t\t\t<a href=\"https:\/\/www.designpropaganda.de\/index.php\/produkt\/backlight-m-stehleuchte\/\" class=\"wc-block-grid__product-link\">\n\t\t\t\t\t\n\t\t\t\t\t<div class=\"wc-block-grid__product-image\"><img loading=\"lazy\" decoding=\"async\" width=\"324\" height=\"324\" src=\"https:\/\/www.designpropaganda.de\/wp-content\/uploads\/2025\/04\/1794961_Product-324x324.jpg\" class=\"attachment-woocommerce_thumbnail size-woocommerce_thumbnail\" alt=\"stehleuchte_backlight_plus_mobil_2_quad_72_1500.jpg\" srcset=\"https:\/\/www.designpropaganda.de\/wp-content\/uploads\/2025\/04\/1794961_Product-324x324.jpg 324w, https:\/\/www.designpropaganda.de\/wp-content\/uploads\/2025\/04\/1794961_Product-300x300.jpg 300w, https:\/\/www.designpropaganda.de\/wp-content\/uploads\/2025\/04\/1794961_Product-1024x1024.jpg 1024w, https:\/\/www.designpropaganda.de\/wp-content\/uploads\/2025\/04\/1794961_Product-150x150.jpg 150w, https:\/\/www.designpropaganda.de\/wp-content\/uploads\/2025\/04\/1794961_Product-768x768.jpg 768w, https:\/\/www.designpropaganda.de\/wp-content\/uploads\/2025\/04\/1794961_Product-416x416.jpg 416w, https:\/\/www.designpropaganda.de\/wp-content\/uploads\/2025\/04\/1794961_Product-100x100.jpg 100w, https:\/\/www.designpropaganda.de\/wp-content\/uploads\/2025\/04\/1794961_Product.jpg 1500w\" sizes=\"auto, (max-width: 324px) 100vw, 324px\" \/><\/div>\n\t\t\t\t\t<div class=\"wc-block-grid__product-title\">Backlight+ M Stehleuchte<\/div>\n\t\t\t\t<\/a>\n\t\t\t\t<div class=\"wc-block-grid__product-price price\"><span class=\"german-market-from-price-prefix\">Ab<\/span> <span class=\"woocommerce-Price-amount amount\">406,98&nbsp;<span class=\"woocommerce-Price-currencySymbol\">&euro;<\/span><\/span><\/div>\n\t\t<div class=\"wgm-info woocommerce-de_price_taxrate \"><\/div>\n\t\t<div class=\"wgm-info woocommerce_de_versandkosten\">zzgl. <a class=\"versandkosten\" href=\"https:\/\/www.designpropaganda.de\/index.php\/versand__lieferung\/\" target=\"_blank\">Versand<\/a><\/div><small class=\"wgm-info wgm-extra-costs-eu\">Bei Lieferungen in Nicht-EU-L\u00e4nder k\u00f6nnen zus\u00e4tzliche Z\u00f6lle, Steuern und Geb\u00fchren anfallen.<\/small>\n\t\t\t\t\n\t\t\t\t<div class=\"wp-block-button wc-block-grid__product-add-to-cart\"><a href=\"https:\/\/www.designpropaganda.de\/index.php\/produkt\/backlight-m-stehleuchte\/\" aria-label=\"W\u00e4hlen Sie die Optionen f\u00fcr \u201eBacklight+ M Stehleuchte\u201c\" data-quantity=\"1\" data-product_id=\"183\" data-product_sku=\"Backlight+ M Stehleuchte\" data-price=\"406.98\" rel=\"nofollow\" class=\"wp-block-button__link  add_to_cart_button\">Ausf\u00fchrung w\u00e4hlen<\/a><\/div>\n\t\t\t<\/li><li class=\"wc-block-grid__product\">\n\t\t\t\t<a href=\"https:\/\/www.designpropaganda.de\/index.php\/produkt\/qua-r-10-trc-graphite\/\" class=\"wc-block-grid__product-link\">\n\t\t\t\t\t\n\t\t\t\t\t<div class=\"wc-block-grid__product-image\"><img loading=\"lazy\" decoding=\"async\" width=\"324\" height=\"324\" src=\"https:\/\/www.designpropaganda.de\/wp-content\/uploads\/woocommerce-placeholder.png\" class=\"woocommerce-placeholder wp-post-image\" alt=\"\" srcset=\"https:\/\/www.designpropaganda.de\/wp-content\/uploads\/woocommerce-placeholder.png 1200w, https:\/\/www.designpropaganda.de\/wp-content\/uploads\/woocommerce-placeholder-300x300.png 300w, https:\/\/www.designpropaganda.de\/wp-content\/uploads\/woocommerce-placeholder-1024x1024.png 1024w, https:\/\/www.designpropaganda.de\/wp-content\/uploads\/woocommerce-placeholder-150x150.png 150w, https:\/\/www.designpropaganda.de\/wp-content\/uploads\/woocommerce-placeholder-768x768.png 768w\" sizes=\"auto, (max-width: 324px) 100vw, 324px\" \/><\/div>\n\t\t\t\t\t<div class=\"wc-block-grid__product-title\">Qua+ R 10 TRC graphite<\/div>\n\t\t\t\t<\/a>\n\t\t\t\t<div class=\"wc-block-grid__product-price price\"><small><\/small><small class=\"b2b-rrp\">UVP: <span class=\"woocommerce-Price-amount amount\">88,00&nbsp;<span class=\"woocommerce-Price-currencySymbol\">&euro;<\/span><\/span><\/small><br><span class=\"woocommerce-Price-amount amount\">87,79&nbsp;<span class=\"woocommerce-Price-currencySymbol\">&euro;<\/span><\/span><\/div>\n\t\t<div class=\"wgm-info woocommerce-de_price_taxrate \"><\/div>\n\t\t<div class=\"wgm-info woocommerce_de_versandkosten\">zzgl. <a class=\"versandkosten\" href=\"https:\/\/www.designpropaganda.de\/index.php\/versand__lieferung\/\" target=\"_blank\">Versand<\/a><\/div><small class=\"wgm-info wgm-extra-costs-eu\">Bei Lieferungen in Nicht-EU-L\u00e4nder k\u00f6nnen zus\u00e4tzliche Z\u00f6lle, Steuern und Geb\u00fchren anfallen.<\/small>\n\t\t\t\t\n\t\t\t\t<div class=\"wp-block-button wc-block-grid__product-add-to-cart\"><a href=\"\/index.php\/wp-json\/wp\/v2\/pages\/12?add-to-cart=15077\" aria-label=\"In den Warenkorb legen: \u201eQua+ R 10 TRC graphite\u201c\" data-quantity=\"1\" data-product_id=\"15077\" data-product_sku=\"205.135.495.101\" data-price=\"87.79\" rel=\"nofollow\" class=\"wp-block-button__link  add_to_cart_button ajax_add_to_cart\">In den Warenkorb<\/a><\/div>\n\t\t\t<\/li><li class=\"wc-block-grid__product\">\n\t\t\t\t<a href=\"https:\/\/www.designpropaganda.de\/index.php\/produkt\/otel-t-tischleuchte\/\" class=\"wc-block-grid__product-link\">\n\t\t\t\t\t\n\t\t\t\t\t<div class=\"wc-block-grid__product-image\"><img loading=\"lazy\" decoding=\"async\" width=\"324\" height=\"324\" src=\"https:\/\/www.designpropaganda.de\/wp-content\/uploads\/2025\/04\/1794954_Product-324x324.jpg\" class=\"attachment-woocommerce_thumbnail size-woocommerce_thumbnail\" alt=\"chors-otel-t-schwarz-16-quad-72-1500.jpg\" srcset=\"https:\/\/www.designpropaganda.de\/wp-content\/uploads\/2025\/04\/1794954_Product-324x324.jpg 324w, https:\/\/www.designpropaganda.de\/wp-content\/uploads\/2025\/04\/1794954_Product-300x300.jpg 300w, https:\/\/www.designpropaganda.de\/wp-content\/uploads\/2025\/04\/1794954_Product-1024x1024.jpg 1024w, https:\/\/www.designpropaganda.de\/wp-content\/uploads\/2025\/04\/1794954_Product-150x150.jpg 150w, https:\/\/www.designpropaganda.de\/wp-content\/uploads\/2025\/04\/1794954_Product-768x768.jpg 768w, https:\/\/www.designpropaganda.de\/wp-content\/uploads\/2025\/04\/1794954_Product-416x416.jpg 416w, https:\/\/www.designpropaganda.de\/wp-content\/uploads\/2025\/04\/1794954_Product-100x100.jpg 100w, https:\/\/www.designpropaganda.de\/wp-content\/uploads\/2025\/04\/1794954_Product.jpg 1500w\" sizes=\"auto, (max-width: 324px) 100vw, 324px\" \/><\/div>\n\t\t\t\t\t<div class=\"wc-block-grid__product-title\">Otel T Tischleuchte<\/div>\n\t\t\t\t<\/a>\n\t\t\t\t<div class=\"wc-block-grid__product-price price\"><span class=\"german-market-from-price-prefix\">Ab<\/span> <span class=\"woocommerce-Price-amount amount\">226,10&nbsp;<span class=\"woocommerce-Price-currencySymbol\">&euro;<\/span><\/span><\/div>\n\t\t<div class=\"wgm-info woocommerce-de_price_taxrate \"><\/div>\n\t\t<div class=\"wgm-info woocommerce_de_versandkosten\">zzgl. <a class=\"versandkosten\" href=\"https:\/\/www.designpropaganda.de\/index.php\/versand__lieferung\/\" target=\"_blank\">Versand<\/a><\/div><small class=\"wgm-info wgm-extra-costs-eu\">Bei Lieferungen in Nicht-EU-L\u00e4nder k\u00f6nnen zus\u00e4tzliche Z\u00f6lle, Steuern und Geb\u00fchren anfallen.<\/small>\n\t\t\t\t\n\t\t\t\t<div class=\"wp-block-button wc-block-grid__product-add-to-cart\"><a href=\"https:\/\/www.designpropaganda.de\/index.php\/produkt\/otel-t-tischleuchte\/\" aria-label=\"W\u00e4hlen Sie die Optionen f\u00fcr \u201eOtel T Tischleuchte\u201c\" data-quantity=\"1\" data-product_id=\"182\" data-product_sku=\"Otel T Tischleuchte\" data-price=\"197.54\" rel=\"nofollow\" class=\"wp-block-button__link  add_to_cart_button\">Ausf\u00fchrung w\u00e4hlen<\/a><\/div>\n\t\t\t<\/li><li class=\"wc-block-grid__product\">\n\t\t\t\t<a href=\"https:\/\/www.designpropaganda.de\/index.php\/produkt\/qua-r-10-on-ncs\/\" class=\"wc-block-grid__product-link\">\n\t\t\t\t\t\n\t\t\t\t\t<div class=\"wc-block-grid__product-image\"><img loading=\"lazy\" decoding=\"async\" width=\"324\" height=\"324\" src=\"https:\/\/www.designpropaganda.de\/wp-content\/uploads\/woocommerce-placeholder.png\" class=\"woocommerce-placeholder wp-post-image\" alt=\"\" srcset=\"https:\/\/www.designpropaganda.de\/wp-content\/uploads\/woocommerce-placeholder.png 1200w, https:\/\/www.designpropaganda.de\/wp-content\/uploads\/woocommerce-placeholder-300x300.png 300w, https:\/\/www.designpropaganda.de\/wp-content\/uploads\/woocommerce-placeholder-1024x1024.png 1024w, https:\/\/www.designpropaganda.de\/wp-content\/uploads\/woocommerce-placeholder-150x150.png 150w, https:\/\/www.designpropaganda.de\/wp-content\/uploads\/woocommerce-placeholder-768x768.png 768w\" sizes=\"auto, (max-width: 324px) 100vw, 324px\" \/><\/div>\n\t\t\t\t\t<div class=\"wc-block-grid__product-title\">Qua+ R 10 ON NCS<\/div>\n\t\t\t\t<\/a>\n\t\t\t\t<div class=\"wc-block-grid__product-price price\"><small><\/small><small class=\"b2b-rrp\">UVP: <span class=\"woocommerce-Price-amount amount\">139,00&nbsp;<span class=\"woocommerce-Price-currencySymbol\">&euro;<\/span><\/span><\/small><br><span class=\"woocommerce-Price-amount amount\">138,04&nbsp;<span class=\"woocommerce-Price-currencySymbol\">&euro;<\/span><\/span><\/div>\n\t\t<div class=\"wgm-info woocommerce-de_price_taxrate \"><\/div>\n\t\t<div class=\"wgm-info woocommerce_de_versandkosten\">zzgl. <a class=\"versandkosten\" href=\"https:\/\/www.designpropaganda.de\/index.php\/versand__lieferung\/\" target=\"_blank\">Versand<\/a><\/div><small class=\"wgm-info wgm-extra-costs-eu\">Bei Lieferungen in Nicht-EU-L\u00e4nder k\u00f6nnen zus\u00e4tzliche Z\u00f6lle, Steuern und Geb\u00fchren anfallen.<\/small>\n\t\t\t\t\n\t\t\t\t<div class=\"wp-block-button wc-block-grid__product-add-to-cart\"><a href=\"\/index.php\/wp-json\/wp\/v2\/pages\/12?add-to-cart=15076\" aria-label=\"In den Warenkorb legen: \u201eQua+ R 10 ON NCS\u201c\" data-quantity=\"1\" data-product_id=\"15076\" data-product_sku=\"20.6132.495.NCS\" data-price=\"138.04\" rel=\"nofollow\" class=\"wp-block-button__link  add_to_cart_button ajax_add_to_cart\">In den Warenkorb<\/a><\/div>\n\t\t\t<\/li><\/ul><\/div><\/div>\n<\/div>\n","protected":false},"excerpt":{"rendered":"","protected":false},"author":1,"featured_media":0,"parent":0,"menu_order":0,"comment_status":"closed","ping_status":"closed","template":"","meta":{"footnotes":""},"class_list":["post-12","page","type-page","status-publish","hentry"],"_links":{"self":[{"href":"https:\/\/www.designpropaganda.de\/index.php\/wp-json\/wp\/v2\/pages\/12","targetHints":{"allow":["GET"]}}],"collection":[{"href":"https:\/\/www.designpropaganda.de\/index.php\/wp-json\/wp\/v2\/pages"}],"about":[{"href":"https:\/\/www.designpropaganda.de\/index.php\/wp-json\/wp\/v2\/types\/page"}],"author":[{"embeddable":true,"href":"https:\/\/www.designpropaganda.de\/index.php\/wp-json\/wp\/v2\/users\/1"}],"replies":[{"embeddable":true,"href":"https:\/\/www.designpropaganda.de\/index.php\/wp-json\/wp\/v2\/comments?post=12"}],"version-history":[{"count":0,"href":"https:\/\/www.designpropaganda.de\/index.php\/wp-json\/wp\/v2\/pages\/12\/revisions"}],"wp:attachment":[{"href":"https:\/\/www.designpropaganda.de\/index.php\/wp-json\/wp\/v2\/media?parent=12"}],"curies":[{"name":"wp","href":"https:\/\/api.w.org\/{rel}","templated":true}]}}