{"id":108,"date":"2024-06-11T21:08:40","date_gmt":"2024-06-11T19:08:40","guid":{"rendered":"https:\/\/www.designpropaganda.de\/index.php\/produkt\/fusion-in-l-deckeneinbaustrahler\/"},"modified":"2025-04-20T23:40:43","modified_gmt":"2025-04-20T21:40:43","slug":"fusion-in-l-deckeneinbaustrahler","status":"publish","type":"product","link":"https:\/\/www.designpropaganda.de\/index.php\/produkt\/fusion-in-l-deckeneinbaustrahler\/","title":{"rendered":"Fusion IN L Deckeneinbaustrahler"},"content":{"rendered":"<p>Fusion IN L Deckeneinbaustrahler, 1 &#8211; 3 x LED, Leistungsaufnahme von 6,0 Watt bis 38,4 Watt, Lichtstrom von 571 lm bis 3159 lm, Energie Effizienz Klasse (alt\/neu) A++\/F\/G, verstellbare Linse aus Glas mit Abstrahlwinkel 15\u00b0 bis 60\u00b0, Farbwiedergabewert der LED CRI98, verf\u00fcgbare Lichtfarben 2700 Kelvin, 3000 Kelvin oder 4000 Kelvin, es ist weder ein Treiber noch ein Dimmer integriert, der Treiber mit 350 mA\/700 mA f\u00fcr die Bestromung der LED muss erg\u00e4nzt werden, Schutzklasse I, Schutzart IP20, F-Zeichen, L\u00e4nge von 168 mm bis 408 mm, Breite 168 mm, H\u00f6he von 90 mm bis 115 mm, rechteckige Einbau\u00f6ffnung mit L\u00e4nge 147 mm &#8211; 392 mm, Breite 147 mm &#8211; 152 mm und Tiefe 110 mm &#8211; 135 mm, verf\u00fcgbare Farben schwarz\/RAL9005\/002, weiss\/RAL9010\/003, schneeweiss\/RAL9016\/060, graphite\/RAL7015\/006, aluminiumgrau\/RAL9006\/101, schneeweiss\/RAL9016\/schwarz\/RAL9005\/062, schwarz\/RAL9005\/schneeweiss\/RAL9016\/063, fein texturierter Lack auf Aluminium, NCS Sonderlackierung gegen Aufspreis ab einer St\u00fcckzahl von 5 St\u00fcck m\u00f6glich, Garantie LED 5 Jahre<\/p>\n","protected":false},"excerpt":{"rendered":"<p>Fusion IN L Deckeneinbaustrahler, 1 &#8211; 3 x LED, 6,0 Watt &#8211; 38,4 Watt, 571 lm &#8211; 3159 lm, verstellbare Linse 15\u00b0 &#8211; 60\u00b0, EEK A++\/F\/G, CRI98, 2700\/3000\/4000\/ Kelvin, L\u00e4nge von 168 mm bis 408 mm, Breite 168 mm, H\u00f6he von 90 mm bis 115 mm, Garantie LED 5 Jahre<\/p>\n","protected":false},"featured_media":14578,"template":"","meta":[],"product_brand":[],"product_cat":[218,86],"product_tag":[],"class_list":{"0":"post-108","1":"product","2":"type-product","3":"status-publish","4":"has-post-thumbnail","6":"product_cat-fusion","7":"product_cat-fusion-l-in-deckeneinbaustrahler","9":"first","10":"onbackorder","11":"taxable","12":"shipping-taxable","13":"purchasable","14":"product-type-variable"},"_links":{"self":[{"href":"https:\/\/www.designpropaganda.de\/index.php\/wp-json\/wp\/v2\/product\/108","targetHints":{"allow":["GET"]}}],"collection":[{"href":"https:\/\/www.designpropaganda.de\/index.php\/wp-json\/wp\/v2\/product"}],"about":[{"href":"https:\/\/www.designpropaganda.de\/index.php\/wp-json\/wp\/v2\/types\/product"}],"wp:featuredmedia":[{"embeddable":true,"href":"https:\/\/www.designpropaganda.de\/index.php\/wp-json\/wp\/v2\/media\/14578"}],"wp:attachment":[{"href":"https:\/\/www.designpropaganda.de\/index.php\/wp-json\/wp\/v2\/media?parent=108"}],"wp:term":[{"taxonomy":"product_brand","embeddable":true,"href":"https:\/\/www.designpropaganda.de\/index.php\/wp-json\/wp\/v2\/product_brand?post=108"},{"taxonomy":"product_cat","embeddable":true,"href":"https:\/\/www.designpropaganda.de\/index.php\/wp-json\/wp\/v2\/product_cat?post=108"},{"taxonomy":"product_tag","embeddable":true,"href":"https:\/\/www.designpropaganda.de\/index.php\/wp-json\/wp\/v2\/product_tag?post=108"}],"curies":[{"name":"wp","href":"https:\/\/api.w.org\/{rel}","templated":true}]}}