{"id":118,"date":"2024-06-11T21:08:46","date_gmt":"2024-06-11T19:08:46","guid":{"rendered":"https:\/\/www.designpropaganda.de\/index.php\/produkt\/maman-r-trc-schienenstrahler-3ph\/"},"modified":"2025-04-20T23:42:32","modified_gmt":"2025-04-20T21:42:32","slug":"maman-r-trc-schienenstrahler-3ph","status":"publish","type":"product","link":"https:\/\/www.designpropaganda.de\/index.php\/produkt\/maman-r-trc-schienenstrahler-3ph\/","title":{"rendered":"Maman R TRC Schienenstrahler 3PH"},"content":{"rendered":"<p>Maman R TRC Schienenstrahler 3PH, 1 x LED, Leistungsaufnahme 12,3 Watt, Lichtstrom von 996 lm bis 1113 lm, Energie Effizienz Klasse (alt\/neu) A++\/F\/G, verstellbare Linse aus Glas mit Abstrahlwinkel 15\u00b0 bis 60\u00b0, Farbwiedergabewert der LED CRI98, verf\u00fcgbare Lichtfarben 2700 Kelvin, 3000 Kelvin oder 4000 Kelvin, es stehen ein dimmbarer TRIAC Treiber oder dimmbarer DALI Treiber zur Auswahl, inklusive Treiber, Schutzklasse III, Schutzart IP20, F-Zeichen, L\u00e4nge 156 mm, H\u00f6he 200 mm, Durchmesser 50 mm, , verf\u00fcgbare Farben schwarz\/RAL9005\/002, weiss\/RAL9010\/003, schneeweiss\/RAL9016\/060, graphite\/RAL7015\/006, aluminiumgrau\/RAL9006\/101, fein texturierter Lack auf Aluminium, NCS Sonderlackierung gegen Aufspreis ab einer St\u00fcckzahl von 5 St\u00fcck m\u00f6glich, 3-Phasenschienenadapter kompatibel zu EUTRAC\u00ae, ERCO\u00ae, IGUZZINI\u00ae und GLOBAL\u00ae, Garantie LED 5 Jahre<\/p>\n","protected":false},"excerpt":{"rendered":"<p>Maman R TRC Schienenstrahler 3PH, 1 x LED, 12,3 Watt, 996 lm &#8211; 1113 lm, verstellbare Linse 15\u00b0 &#8211; 60\u00b0, EEK A++\/F\/G, CRI98, 2700\/3000\/4000\/ Kelvin, L\u00e4nge 156 mm, H\u00f6he 200 mm, Durchmesser 50 mm, , Garantie LED 5 Jahre<\/p>\n","protected":false},"featured_media":14623,"template":"","meta":[],"product_brand":[],"product_cat":[223,102],"product_tag":[],"class_list":{"0":"post-118","1":"product","2":"type-product","3":"status-publish","4":"has-post-thumbnail","6":"product_cat-maman","7":"product_cat-maman-r-trc-3ph-schienenstrahler","9":"first","10":"onbackorder","11":"taxable","12":"shipping-taxable","13":"purchasable","14":"product-type-variable"},"_links":{"self":[{"href":"https:\/\/www.designpropaganda.de\/index.php\/wp-json\/wp\/v2\/product\/118","targetHints":{"allow":["GET"]}}],"collection":[{"href":"https:\/\/www.designpropaganda.de\/index.php\/wp-json\/wp\/v2\/product"}],"about":[{"href":"https:\/\/www.designpropaganda.de\/index.php\/wp-json\/wp\/v2\/types\/product"}],"wp:featuredmedia":[{"embeddable":true,"href":"https:\/\/www.designpropaganda.de\/index.php\/wp-json\/wp\/v2\/media\/14623"}],"wp:attachment":[{"href":"https:\/\/www.designpropaganda.de\/index.php\/wp-json\/wp\/v2\/media?parent=118"}],"wp:term":[{"taxonomy":"product_brand","embeddable":true,"href":"https:\/\/www.designpropaganda.de\/index.php\/wp-json\/wp\/v2\/product_brand?post=118"},{"taxonomy":"product_cat","embeddable":true,"href":"https:\/\/www.designpropaganda.de\/index.php\/wp-json\/wp\/v2\/product_cat?post=118"},{"taxonomy":"product_tag","embeddable":true,"href":"https:\/\/www.designpropaganda.de\/index.php\/wp-json\/wp\/v2\/product_tag?post=118"}],"curies":[{"name":"wp","href":"https:\/\/api.w.org\/{rel}","templated":true}]}}