{"id":125,"date":"2024-06-11T21:08:51","date_gmt":"2024-06-11T19:08:51","guid":{"rendered":"https:\/\/www.designpropaganda.de\/index.php\/produkt\/mflask-k-wandaufbaustrahler\/"},"modified":"2025-04-20T23:43:14","modified_gmt":"2025-04-20T21:43:14","slug":"mflask-k-wandaufbaustrahler","status":"publish","type":"product","link":"https:\/\/www.designpropaganda.de\/index.php\/produkt\/mflask-k-wandaufbaustrahler\/","title":{"rendered":"MFlask K Wandaufbaustrahler"},"content":{"rendered":"<p>MFlask K Wandaufbaustrahler, 1 x LED, Leistungsaufnahme 6,5 Watt, Lichtstrom von 539 lm bis 555 lm, Energie Effizienz Klasse (alt\/neu) A++\/F\/G, verstellbare Linse aus Glas mit Abstrahlwinkel 15\u00b0 bis 40\u00b0, Farbwiedergabewert der LED CRI98, verf\u00fcgbare Lichtfarben 2700 Kelvin, 3000 Kelvin oder 4000 Kelvin, es ist ein CHORS Dimmer integriert, inklusive Treiber, Schutzklasse III, Schutzart IP20, F-Zeichen, L\u00e4nge 135 mm, H\u00f6he 121 mm, Durchmesser 35 mm, , inklusive Baldachin mit 90 mm Durchmesser und 35 mm H\u00f6he, verf\u00fcgbare Farben schwarz\/RAL9005\/002, weiss\/RAL9010\/003, schneeweiss\/RAL9016\/060, graphite\/RAL7015\/006, aluminiumgrau\/RAL9006\/101, fein texturierter Lack auf Aluminium, NCS Sonderlackierung gegen Aufspreis ab einer St\u00fcckzahl von 5 St\u00fcck m\u00f6glich, Garantie LED 5 Jahre<\/p>\n","protected":false},"excerpt":{"rendered":"<p>MFlask K Wandaufbaustrahler, 1 x LED, 6,5 Watt, 539 lm &#8211; 555 lm, verstellbare Linse 15\u00b0 &#8211; 40\u00b0, EEK A++\/F\/G, CRI98, 2700\/3000\/4000\/ Kelvin, L\u00e4nge 135 mm, H\u00f6he 121 mm, Durchmesser 35 mm, , Garantie LED 5 Jahre<\/p>\n","protected":false},"featured_media":14645,"template":"","meta":[],"product_brand":[],"product_cat":[226,109],"product_tag":[],"class_list":{"0":"post-125","1":"product","2":"type-product","3":"status-publish","4":"has-post-thumbnail","6":"product_cat-mflask","7":"product_cat-mflask-k-wandaufbaustrahler","9":"first","10":"onbackorder","11":"taxable","12":"shipping-taxable","13":"purchasable","14":"product-type-variable"},"_links":{"self":[{"href":"https:\/\/www.designpropaganda.de\/index.php\/wp-json\/wp\/v2\/product\/125","targetHints":{"allow":["GET"]}}],"collection":[{"href":"https:\/\/www.designpropaganda.de\/index.php\/wp-json\/wp\/v2\/product"}],"about":[{"href":"https:\/\/www.designpropaganda.de\/index.php\/wp-json\/wp\/v2\/types\/product"}],"wp:featuredmedia":[{"embeddable":true,"href":"https:\/\/www.designpropaganda.de\/index.php\/wp-json\/wp\/v2\/media\/14645"}],"wp:attachment":[{"href":"https:\/\/www.designpropaganda.de\/index.php\/wp-json\/wp\/v2\/media?parent=125"}],"wp:term":[{"taxonomy":"product_brand","embeddable":true,"href":"https:\/\/www.designpropaganda.de\/index.php\/wp-json\/wp\/v2\/product_brand?post=125"},{"taxonomy":"product_cat","embeddable":true,"href":"https:\/\/www.designpropaganda.de\/index.php\/wp-json\/wp\/v2\/product_cat?post=125"},{"taxonomy":"product_tag","embeddable":true,"href":"https:\/\/www.designpropaganda.de\/index.php\/wp-json\/wp\/v2\/product_tag?post=125"}],"curies":[{"name":"wp","href":"https:\/\/api.w.org\/{rel}","templated":true}]}}