{"id":134,"date":"2024-06-11T21:08:57","date_gmt":"2024-06-11T19:08:57","guid":{"rendered":"https:\/\/www.designpropaganda.de\/index.php\/produkt\/moi-c-on-wandaufbaustrahler\/"},"modified":"2025-04-20T23:44:08","modified_gmt":"2025-04-20T21:44:08","slug":"moi-c-on-wandaufbaustrahler","status":"publish","type":"product","link":"https:\/\/www.designpropaganda.de\/index.php\/produkt\/moi-c-on-wandaufbaustrahler\/","title":{"rendered":"Moi C ON Wandaufbaustrahler"},"content":{"rendered":"<p>Moi C ON Wandaufbaustrahler, 1 x LED, Leistungsaufnahme von 6,4 Watt bis 6,5 Watt, Lichtstrom von 524 lm bis 604 lm, Energie Effizienz Klasse (alt\/neu) A++\/F\/G, verstellbare Linse aus Glas mit Abstrahlwinkel 15\u00b0 bis 40\u00b0, Farbwiedergabewert der LED CRI95 oder CRI98, verf\u00fcgbare Lichtfarben 2700 Kelvin, 3000 Kelvin oder 4000 Kelvin, es stehen ein dimmbarer TRIAC Treiber oder integrierter CHORS Dimmer zur Auswahl, inklusive Treiber, Schutzklasse I, Schutzart IP20, F-Zeichen, L\u00e4nge 180 mm, Breite 80 mm, H\u00f6he 100 mm, Durchmesser 35 mm, , inklusive Wandgeh\u00e4use mit 180 mm L\u00e4nge, 80 mm Breite und 25 mm H\u00f6he, verf\u00fcgbare Farben schwarz\/RAL9005\/002, weiss\/RAL9010\/003, schneeweiss\/RAL9016\/060, graphite\/RAL7015\/006, aluminiumgrau\/RAL9006\/101, fein texturierter Lack auf Aluminium, NCS Sonderlackierung gegen Aufspreis ab einer St\u00fcckzahl von 5 St\u00fcck m\u00f6glich, Garantie LED 5 Jahre<\/p>\n","protected":false},"excerpt":{"rendered":"<p>Moi C ON Wandaufbaustrahler, 1 x LED, 6,4 Watt &#8211; 6,5 Watt, 524 lm &#8211; 604 lm, verstellbare Linse 15\u00b0 &#8211; 40\u00b0, EEK A++\/F\/G, CRI95\/CRI98, 2700\/3000\/4000\/ Kelvin, L\u00e4nge 180 mm, Breite 80 mm, H\u00f6he 100 mm, Durchmesser 35 mm, , Garantie LED 5 Jahre<\/p>\n","protected":false},"featured_media":14680,"template":"","meta":[],"product_brand":[],"product_cat":[228,117],"product_tag":[],"class_list":{"0":"post-134","1":"product","2":"type-product","3":"status-publish","4":"has-post-thumbnail","6":"product_cat-moi","7":"product_cat-moi-c-on-wandaufbaustrahler","9":"first","10":"onbackorder","11":"taxable","12":"shipping-taxable","13":"purchasable","14":"product-type-variable"},"_links":{"self":[{"href":"https:\/\/www.designpropaganda.de\/index.php\/wp-json\/wp\/v2\/product\/134","targetHints":{"allow":["GET"]}}],"collection":[{"href":"https:\/\/www.designpropaganda.de\/index.php\/wp-json\/wp\/v2\/product"}],"about":[{"href":"https:\/\/www.designpropaganda.de\/index.php\/wp-json\/wp\/v2\/types\/product"}],"wp:featuredmedia":[{"embeddable":true,"href":"https:\/\/www.designpropaganda.de\/index.php\/wp-json\/wp\/v2\/media\/14680"}],"wp:attachment":[{"href":"https:\/\/www.designpropaganda.de\/index.php\/wp-json\/wp\/v2\/media?parent=134"}],"wp:term":[{"taxonomy":"product_brand","embeddable":true,"href":"https:\/\/www.designpropaganda.de\/index.php\/wp-json\/wp\/v2\/product_brand?post=134"},{"taxonomy":"product_cat","embeddable":true,"href":"https:\/\/www.designpropaganda.de\/index.php\/wp-json\/wp\/v2\/product_cat?post=134"},{"taxonomy":"product_tag","embeddable":true,"href":"https:\/\/www.designpropaganda.de\/index.php\/wp-json\/wp\/v2\/product_tag?post=134"}],"curies":[{"name":"wp","href":"https:\/\/api.w.org\/{rel}","templated":true}]}}