{"id":144,"date":"2024-06-11T21:09:04","date_gmt":"2024-06-11T19:09:04","guid":{"rendered":"https:\/\/www.designpropaganda.de\/index.php\/produkt\/myco-k-120-wandaufbaustrahler\/"},"modified":"2025-04-20T23:44:45","modified_gmt":"2025-04-20T21:44:45","slug":"myco-k-120-wandaufbaustrahler","status":"publish","type":"product","link":"https:\/\/www.designpropaganda.de\/index.php\/produkt\/myco-k-120-wandaufbaustrahler\/","title":{"rendered":"Myco K 120 Wandaufbaustrahler"},"content":{"rendered":"<p>Myco K 120 Wandaufbaustrahler, 1 x LED, Leistungsaufnahme von 12,3 Watt bis 12,8 Watt, Lichtstrom von 973 lm bis 1158 lm, Energie Effizienz Klasse (alt\/neu) A++\/F\/G, verstellbare Linse aus Glas mit Abstrahlwinkel 15\u00b0 bis 60\u00b0, Farbwiedergabewert der LED CRI95 oder CRI98, verf\u00fcgbare Lichtfarben 2700 Kelvin, 3000 Kelvin oder 4000 Kelvin, es ist weder ein Treiber noch ein Dimmer integriert, inklusive Treiber, Schutzklasse I, Schutzart IP20, F-Zeichen, H\u00f6he 186 mm, Durchmesser 118 mm, , inklusive Baldachin mit 118 mm Durchmesser und 30 mm H\u00f6he, verf\u00fcgbare Farben schwarz\/RAL9005\/002, weiss\/RAL9010\/003, schneeweiss\/RAL9016\/060, graphite\/RAL7015\/006, aluminiumgrau\/RAL9006\/101, fein texturierter Lack auf Aluminium, NCS Sonderlackierung gegen Aufspreis ab einer St\u00fcckzahl von 5 St\u00fcck m\u00f6glich, Garantie LED 5 Jahre<\/p>\n","protected":false},"excerpt":{"rendered":"<p>Myco K 120 Wandaufbaustrahler, 1 x LED, 12,3 Watt &#8211; 12,8 Watt, 973 lm &#8211; 1158 lm, verstellbare Linse 15\u00b0 &#8211; 60\u00b0, EEK A++\/F\/G, CRI95\/CRI98, 2700\/3000\/4000\/ Kelvin, H\u00f6he 186 mm, Durchmesser 118 mm, , Garantie LED 5 Jahre<\/p>\n","protected":false},"featured_media":14721,"template":"","meta":[],"product_brand":[],"product_cat":[230,195],"product_tag":[],"class_list":{"0":"post-144","1":"product","2":"type-product","3":"status-publish","4":"has-post-thumbnail","6":"product_cat-myco","7":"product_cat-myco-k-120-wandaufbaustrahler","9":"first","10":"onbackorder","11":"taxable","12":"shipping-taxable","13":"purchasable","14":"product-type-variable"},"_links":{"self":[{"href":"https:\/\/www.designpropaganda.de\/index.php\/wp-json\/wp\/v2\/product\/144","targetHints":{"allow":["GET"]}}],"collection":[{"href":"https:\/\/www.designpropaganda.de\/index.php\/wp-json\/wp\/v2\/product"}],"about":[{"href":"https:\/\/www.designpropaganda.de\/index.php\/wp-json\/wp\/v2\/types\/product"}],"wp:featuredmedia":[{"embeddable":true,"href":"https:\/\/www.designpropaganda.de\/index.php\/wp-json\/wp\/v2\/media\/14721"}],"wp:attachment":[{"href":"https:\/\/www.designpropaganda.de\/index.php\/wp-json\/wp\/v2\/media?parent=144"}],"wp:term":[{"taxonomy":"product_brand","embeddable":true,"href":"https:\/\/www.designpropaganda.de\/index.php\/wp-json\/wp\/v2\/product_brand?post=144"},{"taxonomy":"product_cat","embeddable":true,"href":"https:\/\/www.designpropaganda.de\/index.php\/wp-json\/wp\/v2\/product_cat?post=144"},{"taxonomy":"product_tag","embeddable":true,"href":"https:\/\/www.designpropaganda.de\/index.php\/wp-json\/wp\/v2\/product_tag?post=144"}],"curies":[{"name":"wp","href":"https:\/\/api.w.org\/{rel}","templated":true}]}}