{"id":159,"date":"2024-06-11T21:09:20","date_gmt":"2024-06-11T19:09:20","guid":{"rendered":"https:\/\/www.designpropaganda.de\/index.php\/produkt\/pick-me-deckeneinbaustrahler-ip54\/"},"modified":"2025-04-20T23:47:22","modified_gmt":"2025-04-20T21:47:22","slug":"pick-me-deckeneinbaustrahler-ip54","status":"publish","type":"product","link":"https:\/\/www.designpropaganda.de\/index.php\/produkt\/pick-me-deckeneinbaustrahler-ip54\/","title":{"rendered":"Pick Me Deckeneinbaustrahler IP54"},"content":{"rendered":"<p>Pick Me Deckeneinbaustrahler IP54, 3 x LED, Leistungsaufnahme von 6,0 Watt bis 12,8 Watt, Lichtstrom von 550 lm bis 1423 lm, Energie Effizienz Klasse (alt\/neu) A++\/F\/G, starre Linse aus Glas mit Abstrahlwinkel 60\u00b0, Farbwiedergabewert der LED CRI95 oder CRI98, verf\u00fcgbare Lichtfarben 2700 Kelvin, 3000 Kelvin oder 4000 Kelvin, es ist weder ein Treiber noch ein Dimmer integriert, der Treiber mit 350 mA\/700 mA f\u00fcr die Bestromung der LED muss erg\u00e4nzt werden, Schutzklasse I, Schutzart IP54, F-Zeichen, H\u00f6he 55 mm, Durchmesser 90 mm, , runde Einbau\u00f6ffnung mit Durchmesser 80 mm und Tiefe 80 mm, verf\u00fcgbare Farben schwarz\/RAL9005\/002, weiss\/RAL9010\/003, schneeweiss\/RAL9016\/060, graphite\/RAL7015\/006, aluminiumgrau\/RAL9006\/101, fein texturierter Lack auf Aluminium, NCS Sonderlackierung gegen Aufspreis ab einer St\u00fcckzahl von 5 St\u00fcck m\u00f6glich, Garantie LED 5 Jahre<\/p>\n","protected":false},"excerpt":{"rendered":"<p>Pick Me Deckeneinbaustrahler IP54, 3 x LED, 6,0 Watt &#8211; 12,8 Watt, 550 lm &#8211; 1423 lm, starre Linse 60\u00b0, EEK A++\/F\/G, CRI95\/CRI98, 2700\/3000\/4000\/ Kelvin, H\u00f6he 55 mm, Durchmesser 90 mm, , Garantie LED 5 Jahre<\/p>\n","protected":false},"featured_media":14784,"template":"","meta":[],"product_brand":[],"product_cat":[233,134],"product_tag":[],"class_list":{"0":"post-159","1":"product","2":"type-product","3":"status-publish","4":"has-post-thumbnail","6":"product_cat-pick-me-familien","7":"product_cat-pick-me-90-deckeneinbaustrahler","9":"first","10":"onbackorder","11":"taxable","12":"shipping-taxable","13":"purchasable","14":"product-type-variable"},"_links":{"self":[{"href":"https:\/\/www.designpropaganda.de\/index.php\/wp-json\/wp\/v2\/product\/159","targetHints":{"allow":["GET"]}}],"collection":[{"href":"https:\/\/www.designpropaganda.de\/index.php\/wp-json\/wp\/v2\/product"}],"about":[{"href":"https:\/\/www.designpropaganda.de\/index.php\/wp-json\/wp\/v2\/types\/product"}],"wp:featuredmedia":[{"embeddable":true,"href":"https:\/\/www.designpropaganda.de\/index.php\/wp-json\/wp\/v2\/media\/14784"}],"wp:attachment":[{"href":"https:\/\/www.designpropaganda.de\/index.php\/wp-json\/wp\/v2\/media?parent=159"}],"wp:term":[{"taxonomy":"product_brand","embeddable":true,"href":"https:\/\/www.designpropaganda.de\/index.php\/wp-json\/wp\/v2\/product_brand?post=159"},{"taxonomy":"product_cat","embeddable":true,"href":"https:\/\/www.designpropaganda.de\/index.php\/wp-json\/wp\/v2\/product_cat?post=159"},{"taxonomy":"product_tag","embeddable":true,"href":"https:\/\/www.designpropaganda.de\/index.php\/wp-json\/wp\/v2\/product_tag?post=159"}],"curies":[{"name":"wp","href":"https:\/\/api.w.org\/{rel}","templated":true}]}}