{"id":89,"date":"2024-06-11T21:08:28","date_gmt":"2024-06-11T19:08:28","guid":{"rendered":"https:\/\/www.designpropaganda.de\/index.php\/produkt\/accent-k-wandaufbauleuchte\/"},"modified":"2025-04-20T23:38:28","modified_gmt":"2025-04-20T21:38:28","slug":"accent-k-wandaufbauleuchte","status":"publish","type":"product","link":"https:\/\/www.designpropaganda.de\/index.php\/produkt\/accent-k-wandaufbauleuchte\/","title":{"rendered":"Accent K Wandaufbauleuchte"},"content":{"rendered":"<p>Accent K Wandaufbauleuchte, 1 x LED, Leistungsaufnahme von 12,6 Watt bis 63 Watt, Lichtstrom von 1008 lm bis 6624 lm, Energie Effizienz Klasse (alt\/neu) A++\/F, drei Diffusoren zur Auswahl, die Diffusoren PR mit 8% Verlustleistung und SPR mit 10% Verlustleistung haben einen UGR kleiner\/gleich 19 und erf\u00fcllen die Arbeitsplatzvorscvhriften DIN12464-1\/-2, Farbwiedergabewert der LED CRI95, verf\u00fcgbare Lichtfarben 2700 Kelvin, 3000 Kelvin oder 4000 Kelvin, es stehen ein schaltbarer Treiber, dimmbarer TRIAC Treiber oder dimmbarer DALI Treiber zur Auswahl, inklusive Treiber, Schutzklasse I, Schutzart IP20, F-Zeichen, L\u00e4nge von 300 mm bis 1500 mm, Breite 60 mm, H\u00f6he 60 mm, verf\u00fcgbare Farben schwarz\/RAL9005\/002, weiss\/RAL9010\/003, schneeweiss\/RAL9016\/060, graphite\/RAL7015\/006, aluminiumgrau\/RAL9006\/101, fein texturierter Lack auf Aluminium, NCS Sonderlackierung gegen Aufspreis ab einer St\u00fcckzahl von 5 St\u00fcck m\u00f6glich, Garantie LED 5 Jahre<\/p>\n","protected":false},"excerpt":{"rendered":"<p>Accent K Wandaufbauleuchte, 1 x LED, 12,6 Watt &#8211; 63 Watt, 1008 lm &#8211; 6624 lm, Diffusor 60\u00b0 &#8211; 90\u00b0, EEK A++\/F, CRI95, 2700\/3000\/4000\/ Kelvin, L\u00e4nge von 300 mm bis 1500 mm, Breite 60 mm, H\u00f6he 60 mm, Garantie LED 5 Jahre<\/p>\n","protected":false},"featured_media":14500,"template":"","meta":[],"product_brand":[],"product_cat":[211,68],"product_tag":[],"class_list":{"0":"post-89","1":"product","2":"type-product","3":"status-publish","4":"has-post-thumbnail","6":"product_cat-accent","7":"product_cat-accent-k-wandaufbauleuchten","9":"first","10":"onbackorder","11":"taxable","12":"shipping-taxable","13":"purchasable","14":"product-type-variable"},"_links":{"self":[{"href":"https:\/\/www.designpropaganda.de\/index.php\/wp-json\/wp\/v2\/product\/89","targetHints":{"allow":["GET"]}}],"collection":[{"href":"https:\/\/www.designpropaganda.de\/index.php\/wp-json\/wp\/v2\/product"}],"about":[{"href":"https:\/\/www.designpropaganda.de\/index.php\/wp-json\/wp\/v2\/types\/product"}],"wp:featuredmedia":[{"embeddable":true,"href":"https:\/\/www.designpropaganda.de\/index.php\/wp-json\/wp\/v2\/media\/14500"}],"wp:attachment":[{"href":"https:\/\/www.designpropaganda.de\/index.php\/wp-json\/wp\/v2\/media?parent=89"}],"wp:term":[{"taxonomy":"product_brand","embeddable":true,"href":"https:\/\/www.designpropaganda.de\/index.php\/wp-json\/wp\/v2\/product_brand?post=89"},{"taxonomy":"product_cat","embeddable":true,"href":"https:\/\/www.designpropaganda.de\/index.php\/wp-json\/wp\/v2\/product_cat?post=89"},{"taxonomy":"product_tag","embeddable":true,"href":"https:\/\/www.designpropaganda.de\/index.php\/wp-json\/wp\/v2\/product_tag?post=89"}],"curies":[{"name":"wp","href":"https:\/\/api.w.org\/{rel}","templated":true}]}}