{"id":94,"date":"2024-06-11T21:08:31","date_gmt":"2024-06-11T19:08:31","guid":{"rendered":"https:\/\/www.designpropaganda.de\/index.php\/produkt\/ambiente-stehleuchte\/"},"modified":"2025-04-20T23:39:10","modified_gmt":"2025-04-20T21:39:10","slug":"ambiente-stehleuchte","status":"publish","type":"product","link":"https:\/\/www.designpropaganda.de\/index.php\/produkt\/ambiente-stehleuchte\/","title":{"rendered":"Ambiente Stehleuchte"},"content":{"rendered":"<p>Ambiente Stehleuchte, 3 x LED, Leistungsaufnahme 18 Watt, Lichtstrom von 1807 lm bis 1921 lm, Energie Effizienz Klasse (alt\/neu) A++\/F, klare Abdeckung aus transparentem Polykarbonat mit Abstrahlwinkel bis 120\u00b0, Farbwiedergabewert der LED CRI95, verf\u00fcgbare Lichtfarben 2700 Kelvin, 3000 Kelvin oder 4000 Kelvin, es stehen ein schaltbarer Treiber oder integrierter CHORS Dimmer zur Auswahl, inklusive Treiber, Schutzklasse I, Schutzart IP20, F-Zeichen, Breite 520 mm, H\u00f6he 1533 mm, Durchmesser 15 mm, , inklusive Fuss mit 297 mm Durchmesser und 36 mm H\u00f6he, verf\u00fcgbare Farben schwarz\/RAL9005\/002, weiss\/RAL9010\/003, schneeweiss\/RAL9016\/060, graphite\/RAL7015\/006, aluminiumgrau\/RAL9006\/101, fein texturierter Lack auf Aluminium, NCS Sonderlackierung gegen Aufspreis ab einer St\u00fcckzahl von 5 St\u00fcck m\u00f6glich, Scheiben mit 200, 250 und 300 mm Durchmesser, Garantie LED 5 Jahre<\/p>\n","protected":false},"excerpt":{"rendered":"<p>Ambiente Stehleuchte, 3 x LED, 18 Watt, 1807 lm &#8211; 1921 lm, klare Abdeckung 120\u00b0, EEK A++\/F, CRI95, 2700\/3000\/4000\/ Kelvin, Breite 520 mm, H\u00f6he 1533 mm, Durchmesser 15 mm, , Garantie LED 5 Jahre<\/p>\n","protected":false},"featured_media":14530,"template":"","meta":[],"product_brand":[],"product_cat":[212,75],"product_tag":[],"class_list":{"0":"post-94","1":"product","2":"type-product","3":"status-publish","4":"has-post-thumbnail","6":"product_cat-ambiente-familien-2","7":"product_cat-ambiente-p-stehleuchten","9":"first","10":"onbackorder","11":"taxable","12":"shipping-taxable","13":"purchasable","14":"product-type-variable"},"_links":{"self":[{"href":"https:\/\/www.designpropaganda.de\/index.php\/wp-json\/wp\/v2\/product\/94","targetHints":{"allow":["GET"]}}],"collection":[{"href":"https:\/\/www.designpropaganda.de\/index.php\/wp-json\/wp\/v2\/product"}],"about":[{"href":"https:\/\/www.designpropaganda.de\/index.php\/wp-json\/wp\/v2\/types\/product"}],"wp:featuredmedia":[{"embeddable":true,"href":"https:\/\/www.designpropaganda.de\/index.php\/wp-json\/wp\/v2\/media\/14530"}],"wp:attachment":[{"href":"https:\/\/www.designpropaganda.de\/index.php\/wp-json\/wp\/v2\/media?parent=94"}],"wp:term":[{"taxonomy":"product_brand","embeddable":true,"href":"https:\/\/www.designpropaganda.de\/index.php\/wp-json\/wp\/v2\/product_brand?post=94"},{"taxonomy":"product_cat","embeddable":true,"href":"https:\/\/www.designpropaganda.de\/index.php\/wp-json\/wp\/v2\/product_cat?post=94"},{"taxonomy":"product_tag","embeddable":true,"href":"https:\/\/www.designpropaganda.de\/index.php\/wp-json\/wp\/v2\/product_tag?post=94"}],"curies":[{"name":"wp","href":"https:\/\/api.w.org\/{rel}","templated":true}]}}